{"id":12,"date":"2023-10-22T17:29:17","date_gmt":"2023-10-22T17:29:17","guid":{"rendered":"https:\/\/anil.tellbuescher.online\/?page_id=12"},"modified":"2025-07-13T22:57:49","modified_gmt":"2025-07-13T22:57:49","slug":"cv","status":"publish","type":"page","link":"https:\/\/anil.tellbuescher.online\/index.php\/cv\/","title":{"rendered":"Curriculum Vitae"},"content":{"rendered":"\n<h2 class=\"wp-block-heading\">Academic<\/h2>\n\n\n\n<div class=\"wp-block-columns is-layout-flex wp-container-core-columns-is-layout-9d6595d7 wp-block-columns-is-layout-flex\">\n<div class=\"wp-block-column is-layout-flow wp-block-column-is-layout-flow\" style=\"flex-basis:66.66%\">\n<p class=\"has-background\" style=\"background-color:#abb7c287;font-size:17px\">since 2022<br><strong>University of South Bohemia, Czechia<\/strong><br>Ph.D. &#8220;Fishery&#8221;<\/p>\n<\/div>\n\n\n\n<div class=\"wp-block-column is-vertically-aligned-center is-layout-flow wp-block-column-is-layout-flow\" style=\"flex-basis:33.33%\"><div class=\"wp-block-image\">\n<figure class=\"aligncenter size-large is-resized\"><img loading=\"lazy\" decoding=\"async\" width=\"1024\" height=\"264\" src=\"https:\/\/anil.tellbuescher.online\/wp-content\/uploads\/2024\/01\/university-of-south-bohemia-logo_orig-e1704660963560-1024x264.jpeg\" alt=\"Logo of the University of South Bohemia in Budweis, Czech Republic. Shown are five red circles that represent the five faculties of the university on the left side. On the right side, there is the name of the University of South Bohemia written in Czech and below in English.\" class=\"wp-image-118\" style=\"width:277px;height:auto\" srcset=\"https:\/\/anil.tellbuescher.online\/wp-content\/uploads\/2024\/01\/university-of-south-bohemia-logo_orig-e1704660963560-1024x264.jpeg 1024w, https:\/\/anil.tellbuescher.online\/wp-content\/uploads\/2024\/01\/university-of-south-bohemia-logo_orig-e1704660963560-300x77.jpeg 300w, https:\/\/anil.tellbuescher.online\/wp-content\/uploads\/2024\/01\/university-of-south-bohemia-logo_orig-e1704660963560-768x198.jpeg 768w, https:\/\/anil.tellbuescher.online\/wp-content\/uploads\/2024\/01\/university-of-south-bohemia-logo_orig-e1704660963560-1536x396.jpeg 1536w, https:\/\/anil.tellbuescher.online\/wp-content\/uploads\/2024\/01\/university-of-south-bohemia-logo_orig-e1704660963560.jpeg 1643w\" sizes=\"auto, (max-width: 1024px) 100vw, 1024px\" \/><\/figure>\n<\/div><\/div>\n<\/div>\n\n\n\n<ul class=\"wp-block-list\">\n<li style=\"font-size:15px\"><strong>2025: University of Gd\u00e1nsk, Poland<\/strong><br>BBT Baltic Hackathon: <em>&#8220;Energy efficient solutions for Recirculation Aquaculture Systems in the Baltic Region.&#8221;<\/em><br>EU BlueBioTechpreneurs<\/li>\n\n\n\n<li style=\"font-size:15px\"><strong><strong>2025: Duisburg-Essen University, Germany<\/strong><br><\/strong>Internship: <em>&#8220;Characterisation of organic coagulants als alternatives for drinking water purification.&#8221;<\/em><br>Program na Podporu Strategick\u00e9ho \u0158\u00edzen\u00ed<\/li>\n\n\n\n<li style=\"font-size:15px\"><strong>2024: University of Galway, Ireland<\/strong><br>Training school: <em>&#8220;Anaerobic digestion.&#8221;<\/em><br>EU COST-Action CA20133<\/li>\n\n\n\n<li style=\"font-size:15px\"><strong>2023: University of Antwerp, Belgium<\/strong><br>Short-Term Scientific Mission: <em>&#8220;The utility of Statistical Entropy Assessment for aquaculture<\/em>.&#8221; <br>EU COST-Action CA20133<\/li>\n\n\n\n<li style=\"font-size:15px\"><strong>2022: H\u00f6gskolan i Bor\u00e5s, Sweden<\/strong><br>Training school: <em>&#8220;Strategies for resource recovery.&#8221;<\/em><br>EU COST-Action CA20133 <\/li>\n<\/ul>\n\n\n\n<hr class=\"wp-block-separator has-alpha-channel-opacity is-style-default\"\/>\n\n\n\n<div style=\"height:50px\" aria-hidden=\"true\" class=\"wp-block-spacer\"><\/div>\n\n\n\n<div class=\"wp-block-columns is-layout-flex wp-container-core-columns-is-layout-9d6595d7 wp-block-columns-is-layout-flex\">\n<div class=\"wp-block-column is-layout-flow wp-block-column-is-layout-flow\" style=\"flex-basis:66.66%\">\n<p class=\"has-background\" style=\"background-color:#abb7c287;font-size:17px\">2017 &#8211; 2021<br><strong>Humboldt-University Berlin, Germany<\/strong><br>M.Sc. &#8220;Fish Biology, Fisheries and Aquaculture&#8221;<\/p>\n<\/div>\n\n\n\n<div class=\"wp-block-column is-vertically-aligned-center is-layout-flow wp-block-column-is-layout-flow\" style=\"flex-basis:33.33%\"><div class=\"wp-block-image\">\n<figure class=\"aligncenter size-full is-resized\"><img loading=\"lazy\" decoding=\"async\" width=\"256\" height=\"120\" src=\"https:\/\/anil.tellbuescher.online\/wp-content\/uploads\/2024\/01\/resourcehumboldt.logo_.Logo_.png\" alt=\"\" class=\"wp-image-117\" style=\"width:245px;height:auto\"\/><\/figure>\n<\/div><\/div>\n<\/div>\n\n\n\n<ul class=\"wp-block-list\">\n<li style=\"font-size:15px\"><strong>2021: Wageningen University &amp; Research (WUR), Netherlands<\/strong><br>Internship: <em>&#8220;The effect of emulsifiers on lipid digestibility in high-fibre diets for Nile tilapia.&#8221;<\/em> <br>Erasmus+<\/li>\n\n\n\n<li style=\"font-size:15px\"><strong>2021: Universit\u00e0 degli studi di Roma<\/strong><br>Online course: <em>&#8220;Data mining in Aquaculture and Biomedicine.&#8221;<\/em><br>BIOMEDAQU<\/li>\n\n\n\n<li style=\"font-size:15px\"><strong>2019: Fraunhofer IMTE, Germany<\/strong><br>Master&#8217;s thesis: <em>&#8220;Effects of microencapsulated diets supplemented with taurine, pancreatin, vitamin C and iodine on performance and development of European seabass (Dicentrarchus labrax) larvae.&#8221;<\/em><\/li>\n\n\n\n<li style=\"font-size:15px\"><strong>2019: Institute of Inland Fisheries (IfB), Germany<\/strong><br>Internship: <em>&#8220;Quantity and quality assessment of sludge emitted by a Self-cleaning Inherent gas Denitri\ufb01cation reactor operated under different salinity levels.&#8221;<\/em><\/li>\n\n\n\n<li style=\"font-size:15px\"><strong>2017: INRAE, France<\/strong><br>Training school: &#8220;<em>Fish Nutrition<\/em>.&#8221;<br>AQUAEXCEL2020<\/li>\n\n\n\n<li style=\"font-size:15px\"><strong>2017: Fraunhofer IMTE, Germany<\/strong><br>Internship: <em>&#8220;Proximate analysis of aquafeeds and determination of glycogen in liver tissue of pikeperch (Sander lucioperca) using spectrophotometry.&#8221;<\/em><\/li>\n<\/ul>\n\n\n\n<hr class=\"wp-block-separator has-alpha-channel-opacity is-style-default\"\/>\n\n\n\n<div style=\"height:50px\" aria-hidden=\"true\" class=\"wp-block-spacer\"><\/div>\n\n\n\n<div class=\"wp-block-columns is-layout-flex wp-container-core-columns-is-layout-9d6595d7 wp-block-columns-is-layout-flex\">\n<div class=\"wp-block-column is-layout-flow wp-block-column-is-layout-flow\" style=\"flex-basis:66.66%\">\n<p class=\"has-background\" style=\"background-color:#abb7c287;font-size:17px\">2011 &#8211; 2016<br><strong>Duisburg-Essen University, Germany<\/strong><br>B.Sc. &#8220;Water Science&#8221;<\/p>\n<\/div>\n\n\n\n<div class=\"wp-block-column is-vertically-aligned-center is-layout-flow wp-block-column-is-layout-flow\" style=\"flex-basis:33.33%\"><div class=\"wp-block-image\">\n<figure class=\"aligncenter size-full\"><img loading=\"lazy\" decoding=\"async\" width=\"230\" height=\"89\" src=\"https:\/\/anil.tellbuescher.online\/wp-content\/uploads\/2024\/01\/logo_claim_rgb_72dpi-1.png\" alt=\"\" class=\"wp-image-116\"\/><\/figure>\n<\/div><\/div>\n<\/div>\n\n\n\n<ul class=\"wp-block-list\">\n<li style=\"font-size:15px\"><strong>2016: Instituto Diagn\u00f3stico de Ciencias Ambientales (IDAEA-CSIC), Spain<\/strong><br>Bachelor&#8217;s thesis: <em>&#8220;Occurrence, Fate, and Behaviour of Perfluoralkoxylic substances and fullerenes in the Ebro river.&#8221;<\/em> <br>Erasmus+<\/li>\n\n\n\n<li style=\"font-size:15px\"><strong>2014: Tecnol\u00f3gico de Costa Rica (TEC), Costa Rica<\/strong><br>Internship: <em>&#8220;Separation and determination of As(III) and As(V) using IC and GF-AAS.&#8221;<\/em><br>DAAD-RISE<\/li>\n<\/ul>\n\n\n\n<div style=\"height:40px\" aria-hidden=\"true\" class=\"wp-block-spacer\"><\/div>\n\n\n\n<hr class=\"wp-block-separator has-alpha-channel-opacity\"\/>\n\n\n\n<div style=\"height:40px\" aria-hidden=\"true\" class=\"wp-block-spacer\"><\/div>\n\n\n\n<h2 class=\"wp-block-heading\">Commitment<\/h2>\n\n\n\n<div class=\"wp-block-columns is-layout-flex wp-container-core-columns-is-layout-9d6595d7 wp-block-columns-is-layout-flex\">\n<div class=\"wp-block-column is-layout-flow wp-block-column-is-layout-flow\" style=\"flex-basis:66.66%\">\n<p class=\"has-background\" style=\"background-color:#abb7c287;font-size:17px\">since 2019<br><strong>European Aquaculture Society<\/strong><br>Head of Events Team<br>National Coordinator &#8211; Germany<\/p>\n<\/div>\n\n\n\n<div class=\"wp-block-column is-vertically-aligned-center is-layout-flow wp-block-column-is-layout-flow\" style=\"flex-basis:33.33%\"><div class=\"wp-block-image\">\n<figure class=\"aligncenter size-full is-resized\"><img loading=\"lazy\" decoding=\"async\" width=\"227\" height=\"171\" src=\"https:\/\/anil.tellbuescher.online\/wp-content\/uploads\/2024\/01\/EASSG24136.png\" alt=\"Logo of the European Aquaculture Society-Student Group (EAS-SG), showing a colourful fish above an EAS-SG writing\" class=\"wp-image-416\" style=\"width:174px;height:auto\"\/><\/figure>\n<\/div><\/div>\n<\/div>\n\n\n\n<h3 class=\"wp-block-heading\" style=\"font-size:17px\">2025<\/h3>\n\n\n\n<ul class=\"wp-block-list\">\n<li style=\"font-size:15px\"><strong>Life Cycle Assessment &#8211; Masterclass: Mastering LCA in Aquaculture and Beyond<\/strong>, \u010cesk\u00e9 Bud\u011bjovice, Czechia\n<ul class=\"wp-block-list\">\n<li style=\"font-size:15px\">Organisation and funding acquisition (&#8220;DRO Extraordinary Scientific Activities, USB, CZ&#8221;)<\/li>\n<\/ul>\n<\/li>\n<\/ul>\n\n\n\n<p><strong>2024<\/strong><\/p>\n\n\n\n<ul class=\"wp-block-list\">\n<li style=\"font-size:15px\"><strong>3rd Winter Workshop of the European Aquaculture Society &#8211; Student Group<\/strong>, Vod\u0148any, Czechia\n<ul class=\"wp-block-list\">\n<li>Organisation and funding acquisition (&#8220;DRO Extraordinary Scientific Activities, USB, CZ&#8221;)<\/li>\n<\/ul>\n<\/li>\n\n\n\n<li style=\"font-size:15px\"><strong>Aquaculture Europe 202<\/strong>4, Copenhagen, Denmark\n<ul class=\"wp-block-list\">\n<li>The following activities were a collaborative effort of the Student Group Events Team:\n<ul class=\"wp-block-list\">\n<li>R Crashcourse<\/li>\n\n\n\n<li>Student Reception<\/li>\n\n\n\n<li>Meet&#8217;n&#8217;Eat Science Blind Date<\/li>\n\n\n\n<li>1st Interactive Student Session<\/li>\n<\/ul>\n<\/li>\n<\/ul>\n<\/li>\n<\/ul>\n\n\n\n<h3 class=\"wp-block-heading\" style=\"font-size:17px\">2023<\/h3>\n\n\n\n<ul class=\"wp-block-list\">\n<li style=\"font-size:15px\"><strong>2nd Winter Workshop of the European Aquaculture Society &#8211; Student Group<\/strong>, Vod\u0148any, Czechia\n<ul class=\"wp-block-list\">\n<li>Organisation and funding acquisition (&#8220;DRO Extraordinary Scientific Activities, USB, CZ&#8221;)<\/li>\n<\/ul>\n<\/li>\n\n\n\n<li style=\"font-size:15px\"><strong>Aquaculture Europe 2023<\/strong>, Vienna, Austria\n<ul class=\"wp-block-list\">\n<li>Co-Chair of the Student Session<\/li>\n\n\n\n<li>Organisation of the Student Reception<\/li>\n<\/ul>\n<\/li>\n<\/ul>\n\n\n\n<h3 class=\"wp-block-heading\" style=\"font-size:17px\">2022<\/h3>\n\n\n\n<ul class=\"wp-block-list\">\n<li style=\"font-size:15px\"><strong>1st Winter Workshop of the European Aquaculture Society &#8211; Student Group<\/strong>, Vod\u0148any, Czechia\n<ul class=\"wp-block-list\">\n<li>Organisation and funding acquisition (&#8220;DRO Extraordinary Scientific Activities, USB, CZ&#8221;)<\/li>\n<\/ul>\n<\/li>\n\n\n\n<li style=\"font-size:15px\"><strong>Aquaculture Europe 2022<\/strong>, Rimini, Italy\n<ul class=\"wp-block-list\">\n<li>Student helper<\/li>\n<\/ul>\n<\/li>\n<\/ul>\n\n\n\n<hr class=\"wp-block-separator has-alpha-channel-opacity is-style-dots\"\/>\n\n\n\n<div class=\"wp-block-columns is-layout-flex wp-container-core-columns-is-layout-9d6595d7 wp-block-columns-is-layout-flex\">\n<div class=\"wp-block-column is-layout-flow wp-block-column-is-layout-flow\" style=\"flex-basis:66.66%\">\n<p class=\"has-background\" style=\"background-color:#abb7c287;font-size:17px\">since 2022<br><strong>German Aquaculture Association<br><\/strong>Board member<\/p>\n<\/div>\n\n\n\n<div class=\"wp-block-column is-vertically-aligned-center is-layout-flow wp-block-column-is-layout-flow\" style=\"flex-basis:33.33%\"><div class=\"wp-block-image\">\n<figure class=\"aligncenter size-full is-resized\"><img loading=\"lazy\" decoding=\"async\" width=\"210\" height=\"90\" src=\"https:\/\/anil.tellbuescher.online\/wp-content\/uploads\/2024\/01\/logo.37974dba.png\" alt=\"\" class=\"wp-image-437\" style=\"width:252px;height:auto\"\/><\/figure>\n<\/div><\/div>\n<\/div>\n","protected":false},"excerpt":{"rendered":"<p>Academic since 2022University of South Bohemia, CzechiaPh.D. &#8220;Fishery&#8221; 2017 &#8211; 2021Humboldt-University Berlin, GermanyM.Sc. &#8220;Fish Biology, Fisheries and Aquaculture&#8221; 2011 &#8211; 2016Duisburg-Essen University, GermanyB.Sc. &#8220;Water Science&#8221; Commitment since 2019European Aquaculture SocietyHead of Events TeamNational Coordinator &#8211; Germany 2025 2024 2023 2022 since 2022German Aquaculture AssociationBoard member<\/p>\n","protected":false},"author":1,"featured_media":0,"parent":0,"menu_order":0,"comment_status":"closed","ping_status":"closed","template":"","meta":{"iawp_total_views":86,"footnotes":""},"class_list":["post-12","page","type-page","status-publish","hentry"],"_links":{"self":[{"href":"https:\/\/anil.tellbuescher.online\/index.php\/wp-json\/wp\/v2\/pages\/12","targetHints":{"allow":["GET"]}}],"collection":[{"href":"https:\/\/anil.tellbuescher.online\/index.php\/wp-json\/wp\/v2\/pages"}],"about":[{"href":"https:\/\/anil.tellbuescher.online\/index.php\/wp-json\/wp\/v2\/types\/page"}],"author":[{"embeddable":true,"href":"https:\/\/anil.tellbuescher.online\/index.php\/wp-json\/wp\/v2\/users\/1"}],"replies":[{"embeddable":true,"href":"https:\/\/anil.tellbuescher.online\/index.php\/wp-json\/wp\/v2\/comments?post=12"}],"version-history":[{"count":25,"href":"https:\/\/anil.tellbuescher.online\/index.php\/wp-json\/wp\/v2\/pages\/12\/revisions"}],"predecessor-version":[{"id":542,"href":"https:\/\/anil.tellbuescher.online\/index.php\/wp-json\/wp\/v2\/pages\/12\/revisions\/542"}],"wp:attachment":[{"href":"https:\/\/anil.tellbuescher.online\/index.php\/wp-json\/wp\/v2\/media?parent=12"}],"curies":[{"name":"wp","href":"https:\/\/api.w.org\/{rel}","templated":true}]}}